{"id":79,"date":"2021-03-22T14:41:09","date_gmt":"2021-03-22T13:41:09","guid":{"rendered":"http:\/\/m-hochreuther.de\/home\/?page_id=79"},"modified":"2021-04-07T16:56:45","modified_gmt":"2021-04-07T14:56:45","slug":"fuer-unternehmen","status":"publish","type":"page","link":"https:\/\/m-hochreuther.de\/home\/fuer-unternehmen\/","title":{"rendered":"f\u00fcr Unternehmen"},"content":{"rendered":"\n<p class=\"has-text-color has-large-font-size\" style=\"color:#248cc8\"><strong>Informieren und Berichten<\/strong><\/p>\n\n\n\n<p class=\"has-text-color\" style=\"color:#248cc8\">\u00d6ffentlichkeitsarbeit f\u00fcr Unternehmen und Beh\u00f6rden<\/p>\n\n\n\n<p><\/p>\n\n\n\n<p>Ihr Fokus liegt auf Ihrer Arbeit, da liegen Ihre St\u00e4rken, Ihr Unternehmen l\u00e4uft. Also alles gut soweit. Stimmt, aber da w\u00e4re noch eine Sache: Wollen Sie Ihren Kunden, Mitarbeitern oder der \u00d6ffentlichkeit gerne (regelm\u00e4\u00dfig) Neuigkeiten mitteilen? Und fehlt Ihnen dazu vielleicht die Zeit? Beziehungsweise kostet es Sie zu viel Zeit, einen ansprechenden Text zu formulieren? Oder haben Sie schon l\u00e4nger einen Mitarbeiter im Blick, der es beispielsweise im Rahmen seines 25-j\u00e4hrigen Dienstjubil\u00e4ums einfach mal verdient h\u00e4tte, portr\u00e4tiert zu werden?<\/p>\n\n\n\n<p>Nicht jedes Unternehmen kann oder will sich eine Pressestelle leisten. Informieren und Berichten sollte aber kein Luxus sein. Vergeben Sie doch ihre \u00d6ffentlichkeitsarbeit auf Bedarf an jemanden, der die Zeit und das Wissen dazu hat.<\/p>\n\n\n\n<p>Gerne \u00fcbernehme ich f\u00fcr Ihr Unternehmen die \u00d6ffentlichkeitsarbeit nach Absprache und je nach Bedarf. Lassen Sie uns gemeinsam Informieren und Berichten.<\/p>\n","protected":false},"excerpt":{"rendered":"<p>Informieren und Berichten \u00d6ffentlichkeitsarbeit f\u00fcr Unternehmen und Beh\u00f6rden Ihr Fokus liegt auf Ihrer Arbeit, da liegen Ihre St\u00e4rken, Ihr Unternehmen l\u00e4uft. Also alles gut soweit. Stimmt, aber da w\u00e4re noch eine Sache: Wollen Sie Ihren Kunden, Mitarbeitern oder der \u00d6ffentlichkeit gerne (regelm\u00e4\u00dfig) Neuigkeiten mitteilen? Und fehlt Ihnen dazu vielleicht die Zeit? Beziehungsweise kostet es Sie [&hellip;]<\/p>\n","protected":false},"author":1,"featured_media":0,"parent":0,"menu_order":0,"comment_status":"closed","ping_status":"closed","template":"templates\/template-full.php","meta":[],"aioseo_notices":[],"_links":{"self":[{"href":"https:\/\/m-hochreuther.de\/home\/wp-json\/wp\/v2\/pages\/79"}],"collection":[{"href":"https:\/\/m-hochreuther.de\/home\/wp-json\/wp\/v2\/pages"}],"about":[{"href":"https:\/\/m-hochreuther.de\/home\/wp-json\/wp\/v2\/types\/page"}],"author":[{"embeddable":true,"href":"https:\/\/m-hochreuther.de\/home\/wp-json\/wp\/v2\/users\/1"}],"replies":[{"embeddable":true,"href":"https:\/\/m-hochreuther.de\/home\/wp-json\/wp\/v2\/comments?post=79"}],"version-history":[{"count":3,"href":"https:\/\/m-hochreuther.de\/home\/wp-json\/wp\/v2\/pages\/79\/revisions"}],"predecessor-version":[{"id":108,"href":"https:\/\/m-hochreuther.de\/home\/wp-json\/wp\/v2\/pages\/79\/revisions\/108"}],"wp:attachment":[{"href":"https:\/\/m-hochreuther.de\/home\/wp-json\/wp\/v2\/media?parent=79"}],"curies":[{"name":"wp","href":"https:\/\/api.w.org\/{rel}","templated":true}]}}