{"id":52,"date":"2021-03-22T13:38:23","date_gmt":"2021-03-22T12:38:23","guid":{"rendered":"http:\/\/m-hochreuther.de\/?page_id=52"},"modified":"2021-04-22T10:06:05","modified_gmt":"2021-04-22T08:06:05","slug":"impressum","status":"publish","type":"page","link":"https:\/\/m-hochreuther.de\/home\/impressum\/","title":{"rendered":"Impressum"},"content":{"rendered":"\n<p>Mathias Hochreuther<br>Hilpoltsteiner Stra\u00dfe<br>91154 Roth<br>Tel: +49 1716572871<br><a href=\"mailto:info@m-hochreuther.de\">info@m-hochreuther.de<\/a> <\/p>\n\n\n\n<p><strong>Sonstiges:<\/strong><br><br><strong>Journalist<\/strong><br> Journalismus und \u00d6ffentlichkeitsarbeit<br> <\/p>\n\n\n\n<p><strong>Verantwortlich f\u00fcr den Inhalt<\/strong> (gem. \u00a7 55 Abs. 2 RStV):<br> <br>Mathias Hochreuther<br>Hilpoltsteiner Stra\u00dfe 21b<br>91154 Roth<br> <\/p>\n\n\n\n<p><strong>Bildrechte:<\/strong><br> <br>Mathias Hochreuther<br><a href=\"http:\/\/www.m-hochreuther.de\">http:\/\/www.m-hochreuther.de<\/a><\/p>\n\n\n\n<p><br>WordPress<br><a target=\"_blank\" href=\"http:\/\/www.wordpress.com\" rel=\"noopener\">http:\/\/www.wordpress.com<\/a><br> <\/p>\n\n\n\n\n\n<h1>Disclaimer &#8211; rechtliche Hinweise<\/h1>\n\n\n\n<p><strong>Auskunfts- und Widerrufsrecht<\/strong><\/p>\n\n\n\n<p>Sie haben jederzeit das Recht, sich unentgeltlich und unverz\u00fcglich \u00fcber die zu Ihrer Person erhobenen Daten \nzu erkundigen. Ebenfalls k\u00f6nnen Sie Ihre Zustimmung zur Verwendung Ihrer angegebenen pers\u00f6nlichen Daten mit \nWirkung f\u00fcr die Zukunft widerrufen. Hierf\u00fcr wenden Sie sich bitte an den im Impressum angegebenen \nDiensteanbieter.<\/p>\n\n\n\n<p><strong>Datenschutz (allgemein)<\/strong><\/p>\n\n\n\n<p>Beim Zugriff auf unsere Webseite werden automatisch allgemeine Informationen (sog. Server-Logfiles) erfasst. Diese \nbeinhalten u.a. den von Ihnen verwendeten Webbrowser sowie Ihr Betriebssystem und Ihren Internet Service Provider. Diese \nDaten lassen keinerlei R\u00fcckschl\u00fcsse auf Ihre Person zu und werden von uns statistisch ausgewertet, um unseren \nInternetauftritt technisch und inhaltlich zu verbessern. Das Erfassen dieser Informationen ist notwendig, um den Inhalt \nder Webseite korrekt ausliefern zu k\u00f6nnen.<\/p>\n\n\n\n<p>Die Nutzung der Webseite ist grunds\u00e4tzlich ohne Angabe personenbezogener Daten m\u00f6glich. Soweit \npersonenbezogene Daten (beispielsweise Name, Anschrift oder E-Mail-Adressen) erhoben werden, erfolgt dies, soweit \nm\u00f6glich, stets auf freiwilliger Basis. Diese Daten werden ohne Ihre ausdr\u00fcckliche Zustimmung nicht an Dritte \nweitergegeben.<\/p>\n\n\n\n<p>Sofern ein Vertragsverh\u00e4ltnis begr\u00fcndet, inhaltlich ausgestaltet oder ge\u00e4ndert werden soll oder Sie an \nuns eine Anfrage stellen, erheben und verwenden wir personenbezogene Daten von Ihnen, soweit dies zu diesem Zwecke \nerforderlich ist (Bestandsdaten). Wir erheben, verarbeiten und nutzen personenbezogene Daten soweit dies erforderlich \nist, um Ihnen die Inanspruchnahme des Webangebots zu erm\u00f6glichen (Nutzungsdaten). S\u00e4mtliche personenbezogenen \nDaten werden nur solange gespeichert wie dies f\u00fcr den genannten Zweck (Bearbeitung Ihrer Anfrage oder Abwicklung \neines Vertrags) erforderlich ist. Hierbei werden steuer- und handelsrechtliche Aufbewahrungsfristen von uns \nber\u00fccksichtigt. Auf Anordnung der zust\u00e4ndigen Stellen m\u00fcssen wir im Einzelfall Auskunft \u00fcber diese \nDaten (Bestandsdaten) erteilen, soweit dies f\u00fcr Zwecke der Strafverfolgung, zur Gefahrenabwehr, zur Erf\u00fcllung \nder gesetzlichen Aufgaben der Verfassungsschutzbeh\u00f6rden oder des Milit\u00e4rischen Abschirmdienstes oder zur \nDurchsetzung der Rechte am geistigen Eigentum erforderlich ist.<\/p>\n\n\n\n<p>Wir weisen ausdr\u00fccklich darauf hin, dass die Daten\u00fcbertragung im Internet (z. B. bei der Kommunikation per \nE-Mail) Sicherheitsl\u00fccken aufweisen kann. Vor dem Zugriff auf Daten kann nicht l\u00fcckenlos gesch\u00fctzt \nwerden.<\/p>\n\n\n\n<p>Die Nutzung von im Rahmen der Impressumspflicht ver\u00f6ffentlichten Kontaktdaten durch Dritte zur \u00dcbersendung \nvon nicht ausdr\u00fccklich angeforderter Werbung und Informationsmaterialien wird hiermit ausdr\u00fccklich untersagt. \nAusgenommen hiervon sind bestehende Gesch\u00e4ftsbeziehungen bzw. es liegt Ihnen eine entsprechende Einwilligung von uns \nvor.<\/p>\n\n\n\n<p>Die Anbieter und alle auf dieser Website genannten Dritten behalten sich ausdr\u00fccklich rechtliche Schritte im \nFalle der unverlangten Zusendung von Werbeinformationen vor. Gleiches gilt f\u00fcr die kommerzielle Verwendung und \nWeitergabe der Daten.<\/p>\n\n\n\n<p><strong>Datenschutz (Kommentarfunktion)<\/strong><\/p>\n\n\n\n<p>Im Rahmen der Kommentarfunktion unseres Blogs erheben wir personenbezogene Daten (z. B. Name, E-Mail) im Rahmen Ihrer \nKommentierung zu einem Beitrag nur in dem Umfang wie Sie ihn uns mitgeteilt haben. Bei der Ver\u00f6ffentlichung eines \nKommentars wird die von Ihnen angegebene Email-Adresse gespeichert, aber nicht ver\u00f6ffentlicht. Ihr angegebener Name \nwird ver\u00f6ffentlich. Sie k\u00f6nnen auch ein Pseudonym benutzen.<\/p>\n\n\n\n<p><strong>Datenschutzerkl\u00e4rung Facebook-Plugins (Like\/ Gef\u00e4llt mir-Button etc.)<\/strong><\/p>\n\n\n\n<p>Auf dieser Website sind Plugins des Social-Media-Anbieters Facebook.com (f\u00fcr Europa: Facebook Irland Limited, 4 \nGrand Canal Square, Dublin 2, Ireland; f\u00fcr die USA: Facebook Inc., 1601 Willow Road, Menlo Park, CA 94025, USA), \nimplementiert. Eine \u00dcbersicht der Facebook-Plugins finden Sie hier: <a target=\"_blank\" href=\"https:\/\/developers.facebook.com\/docs\/plugins\/\" rel=\"noopener\">https:\/\/developers.facebook.com\/docs\/plugins\/<\/a>.<\/p>\n\n\n\n<p>Durch Ihren Besuch auf Seiten mit Facebook-Plugins, wird durch das Plugin eine Verbindung zwischen Ihrem Browser und \neinem Server von Facebook hergestellt. Hierdurch erh\u00e4lt Facebook Informationen zu Ihrer IP-Adresse und dem Besuch \nauf unserer Website.<\/p>\n\n\n\n<p>Durch Anklicken der Facebook-Plugins gelangen Sie zum Login-Bereich von Facebook. Bereits eingeloggte Facebook-Nutzer \nk\u00f6nnen sofort Inhalte unserer Website auf ihren Facebook-Profilen ver\u00f6ffentlichen. Infolge der Nutzung dieser \nPlugins kann Facebook den Besuch unserer Website Ihrem pers\u00f6nlichen Benutzerkonto zuordnen. Wir weisen \nausdr\u00fccklich darauf hin, dass wir als Anbieter dieser Internetseiten keine Kenntnis vom Inhalt der \n\u00fcbermittelten Daten sowie deren Nutzung durch Facebook erhalten. Weitere Informationen zum Datenschutz durch \nFacebook erhalten Sie unter: <a target=\"_blank\" href=\"https:\/\/de-de.facebook.com\/policy.php\" rel=\"noopener\">https:\/\/de-de.facebook.com\/policy.php<\/a>.<\/p>\n\n\n\n<p>Um eine Zuordnung durch Facebook zwischen Ihrem Besuch auf unserer Website zu Ihrem Benutzerkonto zu verhindern, \nm\u00fcssen Sie sich aus Ihrem Facebook-Account ausloggen.<\/p>\n\n\n\n<p><strong>Disclaimer (Haftungsausschluss)<\/strong><\/p>\n\n\n\n<p><strong>1. Haftung f\u00fcr Inhalte<\/strong><\/p>\n\n\n\n<p>Als Diensteanbieter sind wir gem\u00e4\u00df \u00a7 7 Abs. 1 TMG f\u00fcr eigene Inhalte auf diesen Seiten nach den \nallgemeinen Gesetzen verantwortlich. Nach \u00a7\u00a7 8 bis 10 TMG sind wir als Diensteanbieter jedoch nicht \nverpflichtet, \u00fcbermittelte oder gespeicherte fremde Informationen zu \u00fcberwachen oder nach Umst\u00e4nden zu \nforschen, die auf eine rechtswidrige T\u00e4tigkeit hinweisen. Verpflichtungen zur Entfernung oder Sperrung der Nutzung \nvon Informationen nach den allgemeinen Gesetzen bleiben hiervon unber\u00fchrt. Eine diesbez\u00fcgliche Haftung ist \njedoch erst ab dem Zeitpunkt der Kenntnis einer konkreten Rechtsverletzung m\u00f6glich. Bei Bekanntwerden von \nentsprechenden Rechtsverletzungen werden wir diese Inhalte umgehend entfernen.<\/p>\n\n\n\n<p><strong>2. Haftung f\u00fcr Links<\/strong><\/p>\n\n\n\n<p>Diese Website enth\u00e4lt Links zu externen Webseiten Dritter, auf deren Inhalte kein Einfluss genommen werden kann. \nDeshalb kann f\u00fcr diese fremden Inhalte auch keine Gew\u00e4hr \u00fcbernommen werden. F\u00fcr die Inhalte der \nverlinkten Seiten ist stets der jeweilige Anbieter oder Betreiber der Seiten verantwortlich. Die verlinkten Seiten wurden \nzum Zeitpunkt der Verlinkung auf m\u00f6gliche Rechtsverst\u00f6\u00dfe \u00fcberpr\u00fcft. Rechtswidrige Inhalte waren \nzum Zeitpunkt der Verlinkung nicht erkennbar. Eine permanente inhaltliche Kontrolle der verlinkten Seiten ist jedoch ohne \nkonkrete Anhaltspunkte einer Rechtsverletzung nicht zumutbar. Bei Bekanntwerden von Rechtsverletzungen werden derartige \nLinks umgehend von dieser Website auf die rechtsverletzende Site entfernen.<\/p>\n\n\n\n<p><strong>3. Urheberrecht<\/strong><\/p>\n\n\n\n<p>Die durch die Diensteanbieter, deren Mitarbeiter und beauftragte Dritte erstellten Inhalte und Werke auf diesen Seiten \nunterliegen dem deutschen Urheberrecht. Die Vervielf\u00e4ltigung, Bearbeitung, Verbreitung und jede Art der Verwertung \nau\u00dferhalb der Grenzen des Urheberrechtes bed\u00fcrfen der vorherigen schriftlichen Zustimmung des jeweiligen Autors \nbzw. Erstellers. Downloads und Kopien dieser Seite sind nur f\u00fcr den privaten, nicht kommerziellen Gebrauch \ngestattet. Soweit die Inhalte auf dieser Seite nicht vom Betreiber erstellt wurden, werden die Urheberrechte Dritter \nbeachtet. Insbesondere werden Inhalte Dritter als solche gekennzeichnet. Sollten Sie trotzdem auf eine \nUrheberrechtsverletzung aufmerksam werden, bitten wir um einen entsprechenden Hinweis. Bei Bekanntwerden von \nRechtsverletzungen werden derartige Inhalte umgehend entfernen.<\/p>\n\n\n\n<p>Dieses Impressum wurde mit Hilfe des <a href=\"http:\/\/www.hensche.de\/impressum-generator.html\" target=\"_blank\" rel=\"noreferrer noopener\">Impressum-Generators<\/a> von <a href=\"http:\/\/www.hensche.de\/Rechtsanwalt_Arbeitsrecht_Nuernberg.html\" target=\"_blank\" rel=\"noreferrer noopener\" title=\"http:\/\/www.hensche.de\/Rechtsanwalt_Arbeitsrecht_Nuernberg.html\">HENSCHE Rechtsanw\u00e4lte <\/a> erstellt.<\/p>\n","protected":false},"excerpt":{"rendered":"<p>Mathias HochreutherHilpoltsteiner Stra\u00dfe91154 RothTel: +49 1716572871info@m-hochreuther.de Sonstiges: Journalist Journalismus und \u00d6ffentlichkeitsarbeit Verantwortlich f\u00fcr den Inhalt (gem. \u00a7 55 Abs. 2 RStV): Mathias HochreutherHilpoltsteiner Stra\u00dfe 21b91154 Roth Bildrechte: Mathias Hochreutherhttp:\/\/www.m-hochreuther.de WordPresshttp:\/\/www.wordpress.com Disclaimer &#8211; rechtliche Hinweise Auskunfts- und Widerrufsrecht Sie haben jederzeit das Recht, sich unentgeltlich und unverz\u00fcglich \u00fcber die zu Ihrer Person erhobenen Daten zu erkundigen. [&hellip;]<\/p>\n","protected":false},"author":1,"featured_media":0,"parent":0,"menu_order":0,"comment_status":"closed","ping_status":"closed","template":"templates\/template-full.php","meta":[],"aioseo_notices":[],"_links":{"self":[{"href":"https:\/\/m-hochreuther.de\/home\/wp-json\/wp\/v2\/pages\/52"}],"collection":[{"href":"https:\/\/m-hochreuther.de\/home\/wp-json\/wp\/v2\/pages"}],"about":[{"href":"https:\/\/m-hochreuther.de\/home\/wp-json\/wp\/v2\/types\/page"}],"author":[{"embeddable":true,"href":"https:\/\/m-hochreuther.de\/home\/wp-json\/wp\/v2\/users\/1"}],"replies":[{"embeddable":true,"href":"https:\/\/m-hochreuther.de\/home\/wp-json\/wp\/v2\/comments?post=52"}],"version-history":[{"count":9,"href":"https:\/\/m-hochreuther.de\/home\/wp-json\/wp\/v2\/pages\/52\/revisions"}],"predecessor-version":[{"id":151,"href":"https:\/\/m-hochreuther.de\/home\/wp-json\/wp\/v2\/pages\/52\/revisions\/151"}],"wp:attachment":[{"href":"https:\/\/m-hochreuther.de\/home\/wp-json\/wp\/v2\/media?parent=52"}],"curies":[{"name":"wp","href":"https:\/\/api.w.org\/{rel}","templated":true}]}}