{"id":46,"date":"2021-03-22T13:22:36","date_gmt":"2021-03-22T12:22:36","guid":{"rendered":"http:\/\/m-hochreuther.de\/?page_id=46"},"modified":"2021-04-07T16:59:50","modified_gmt":"2021-04-07T14:59:50","slug":"freier-journalist","status":"publish","type":"page","link":"https:\/\/m-hochreuther.de\/home\/freier-journalist\/","title":{"rendered":"freier Journalist"},"content":{"rendered":"\n<p class=\"has-text-color has-large-font-size\" style=\"color:#248cc8\"><strong>Journalismus ist und bleibt wichtig<\/strong><\/p>\n\n\n\n<p class=\"has-text-color\" style=\"color:#248cc8\">\u00dcber Ereignisse und Menschen<\/p>\n\n\n\n<p><\/p>\n\n\n\n<p>Journalismus ist wichtig \u2013 im Gro\u00dfen, wie im Kleinen. Das gilt auch f\u00fcr den Sport. Dort habe ich beide Bereiche kennengelernt. Unter anderem als Reporter f\u00fcr die damalige Sportredaktion des Funkhauses N\u00fcrnberg, in der die Berichterstattung \u00fcber den 1. FC N\u00fcrnberg, die SpVgg Greuther F\u00fcrth oder die N\u00fcrnberg Ice Tigers zum Redaktionsalltag geh\u00f6rte. Oder bei Eins\u00e4tzen im Rahmen der Fu\u00dfball-Weltmeisterschaft 2006 in Deutschland. Eine sch\u00f6ne und lehrreiche Zeit, zumal ich bei den N\u00fcrnberger Radiostationen auch meine Ausbildung absolvieren durfte.<\/p>\n\n\n\n<p>Gelehrt haben mich diese Jahre aber auch, dass mein Herz eher f\u00fcr den \u201ekleinen\u201c Sport schl\u00e4gt. Dort habe ich auch meine ersten journalistischen Gehversuche unternommen (<em><a href=\"https:\/\/m-hochreuther.de\/home\/vita\/\">siehe Vita<\/a><\/em>). Ein Sonntagnachmittag auf einem Fu\u00dfballplatz in der Kreisliga, ein Samstagabend in der Halle beim Bezirksoberliga-Handball, jegliche Art von Nachwuchssport, die Laufveranstaltung f\u00fcr die ganze Familie oder ein Besuch bei den sogenannten semiprofessionellen Sportarten \u2013 da spielt sich meiner Meinung nach das wahre sportliche Leben ab. Ob auf Wettkampfbasis, im reinen Breitensport oder im Bereich Gesundheitssport. Weil der Sport eben auch so viele gesellschaftliche Bereiche betrifft.<\/p>\n\n\n\n<p>Und weil hinter den Menschen, die den Sport betreiben oder ihn organisieren, auch fast immer interessante Geschichten stecken. Um diese erz\u00e4hlen zu k\u00f6nnen, geh\u00f6rt neben allgemeinem Interesse, der Freude an der Begegnung mit Menschen und der technischen Ausstattung vor allem auch Wissen. Das Wissen, eine ansprechende Berichterstattung \u00fcber Ereignisse und Menschen liefern zu k\u00f6nnen. Guter Journalismus eben \u2013 der bleibt wichtig.<\/p>\n","protected":false},"excerpt":{"rendered":"<p>Journalismus ist und bleibt wichtig \u00dcber Ereignisse und Menschen Journalismus ist wichtig \u2013 im Gro\u00dfen, wie im Kleinen. Das gilt auch f\u00fcr den Sport. Dort habe ich beide Bereiche kennengelernt. Unter anderem als Reporter f\u00fcr die damalige Sportredaktion des Funkhauses N\u00fcrnberg, in der die Berichterstattung \u00fcber den 1. FC N\u00fcrnberg, die SpVgg Greuther F\u00fcrth oder [&hellip;]<\/p>\n","protected":false},"author":1,"featured_media":0,"parent":0,"menu_order":0,"comment_status":"closed","ping_status":"closed","template":"templates\/template-full.php","meta":[],"aioseo_notices":[],"_links":{"self":[{"href":"https:\/\/m-hochreuther.de\/home\/wp-json\/wp\/v2\/pages\/46"}],"collection":[{"href":"https:\/\/m-hochreuther.de\/home\/wp-json\/wp\/v2\/pages"}],"about":[{"href":"https:\/\/m-hochreuther.de\/home\/wp-json\/wp\/v2\/types\/page"}],"author":[{"embeddable":true,"href":"https:\/\/m-hochreuther.de\/home\/wp-json\/wp\/v2\/users\/1"}],"replies":[{"embeddable":true,"href":"https:\/\/m-hochreuther.de\/home\/wp-json\/wp\/v2\/comments?post=46"}],"version-history":[{"count":7,"href":"https:\/\/m-hochreuther.de\/home\/wp-json\/wp\/v2\/pages\/46\/revisions"}],"predecessor-version":[{"id":111,"href":"https:\/\/m-hochreuther.de\/home\/wp-json\/wp\/v2\/pages\/46\/revisions\/111"}],"wp:attachment":[{"href":"https:\/\/m-hochreuther.de\/home\/wp-json\/wp\/v2\/media?parent=46"}],"curies":[{"name":"wp","href":"https:\/\/api.w.org\/{rel}","templated":true}]}}