{"id":15,"date":"2021-03-14T15:04:50","date_gmt":"2021-03-14T15:04:50","guid":{"rendered":"http:\/\/m-hochreuther.de\/?page_id=15"},"modified":"2021-04-07T17:40:07","modified_gmt":"2021-04-07T15:40:07","slug":"vita","status":"publish","type":"page","link":"https:\/\/m-hochreuther.de\/home\/vita\/","title":{"rendered":"Vita"},"content":{"rendered":"\n<p class=\"has-text-color has-large-font-size\" style=\"color:#248cc8\"><strong>Zwei Leidenschaften<\/strong><\/p>\n\n\n\n<p class=\"has-text-color\" style=\"color:#248cc8\">Vom Schriftf\u00fchrer zum Journalisten<\/p>\n\n\n\n<div class=\"wp-block-media-text alignwide has-media-on-the-right is-stacked-on-mobile is-vertically-aligned-center\" style=\"grid-template-columns:auto 47%\"><figure class=\"wp-block-media-text__media\"><img loading=\"lazy\" width=\"1024\" height=\"731\" src=\"http:\/\/m-hochreuther.de\/wp-content\/uploads\/2021\/04\/I5D_0970-Kopie-2-1024x731.jpg\" alt=\"\" class=\"wp-image-123 size-full\" srcset=\"https:\/\/m-hochreuther.de\/wp-content\/uploads\/2021\/04\/I5D_0970-Kopie-2-1024x731.jpg 1024w, https:\/\/m-hochreuther.de\/wp-content\/uploads\/2021\/04\/I5D_0970-Kopie-2-300x214.jpg 300w, https:\/\/m-hochreuther.de\/wp-content\/uploads\/2021\/04\/I5D_0970-Kopie-2-768x549.jpg 768w, https:\/\/m-hochreuther.de\/wp-content\/uploads\/2021\/04\/I5D_0970-Kopie-2-1536x1097.jpg 1536w, https:\/\/m-hochreuther.de\/wp-content\/uploads\/2021\/04\/I5D_0970-Kopie-2-2048x1463.jpg 2048w\" sizes=\"(max-width: 1024px) 100vw, 1024px\" \/><\/figure><div class=\"wp-block-media-text__content\">\n<p>Mit 16 Jahren war ich zu langsam. Als in der Fu\u00dfballabteilung meines Heimatvereins die Frage aufkam, wer k\u00fcnftig die Zeitungsberichte schreiben w\u00fcrde, hatten sich alle anderen schneller weggeduckt. Doch meine neue T\u00e4tigkeit blieb f\u00fcr mein weiteres Leben nicht folgenlos.<\/p>\n\n\n\n<p>Erstens entdeckte ich sp\u00e4testens da meine Leidenschaft f\u00fcr das Vereinsleben. Ob wie bisher als aktiver Sportler oder als ehrenamtlicher Funktion\u00e4r; beispielsweise als Betreuer von Jugendmannschaften, Schriftf\u00fchrer oder Mitglied in verschiedenen Organisationsteams. Zweitens entwickelte sich aus dem Hobby mehr. Das Schreiben beziehungsweise Berichten \u2013 speziell im Sport \u2013 wurde zu meiner beruflichen Leidenschaft.&nbsp;<\/p>\n\n\n\n<p>Nach einem abgeschlossenen Volontariat und weiteren Berufsjahren in der Sportredaktion des N\u00fcrnberger Funkhauses sowie einigen Jahren als Sportredakteur f\u00fcr verschiedene Publikationen im Verlag N\u00fcrnberger Presse kann ich seit dem Fr\u00fchjahr 2021 meine beiden Leidenschaften vereinen. Weiterhin als freier (Sport-)Journalist, aber auch im Bereich der professionalisierten \u00d6ffentlichkeitsarbeit. F\u00fcr Vereine, aber auch f\u00fcr Unternehmen oder Beh\u00f6rden.<\/p>\n<\/div><\/div>\n\n\n\n<div class=\"wp-block-columns\">\n<div class=\"wp-block-column is-vertically-aligned-center\" style=\"flex-basis:100%\">\n<div class=\"wp-block-columns alignwide are-vertically-aligned-center\">\n<div class=\"wp-block-column is-vertically-aligned-center\" style=\"flex-basis:100%\">\n<div class=\"wp-block-group\"><div class=\"wp-block-group__inner-container\"><\/div><\/div>\n<\/div>\n<\/div>\n<\/div>\n<\/div>\n","protected":false},"excerpt":{"rendered":"<p>Zwei Leidenschaften Vom Schriftf\u00fchrer zum Journalisten Mit 16 Jahren war ich zu langsam. Als in der Fu\u00dfballabteilung meines Heimatvereins die Frage aufkam, wer k\u00fcnftig die Zeitungsberichte schreiben w\u00fcrde, hatten sich alle anderen schneller weggeduckt. Doch meine neue T\u00e4tigkeit blieb f\u00fcr mein weiteres Leben nicht folgenlos. Erstens entdeckte ich sp\u00e4testens da meine Leidenschaft f\u00fcr das Vereinsleben. [&hellip;]<\/p>\n","protected":false},"author":1,"featured_media":0,"parent":0,"menu_order":0,"comment_status":"closed","ping_status":"closed","template":"templates\/template-full.php","meta":[],"aioseo_notices":[],"_links":{"self":[{"href":"https:\/\/m-hochreuther.de\/home\/wp-json\/wp\/v2\/pages\/15"}],"collection":[{"href":"https:\/\/m-hochreuther.de\/home\/wp-json\/wp\/v2\/pages"}],"about":[{"href":"https:\/\/m-hochreuther.de\/home\/wp-json\/wp\/v2\/types\/page"}],"author":[{"embeddable":true,"href":"https:\/\/m-hochreuther.de\/home\/wp-json\/wp\/v2\/users\/1"}],"replies":[{"embeddable":true,"href":"https:\/\/m-hochreuther.de\/home\/wp-json\/wp\/v2\/comments?post=15"}],"version-history":[{"count":19,"href":"https:\/\/m-hochreuther.de\/home\/wp-json\/wp\/v2\/pages\/15\/revisions"}],"predecessor-version":[{"id":127,"href":"https:\/\/m-hochreuther.de\/home\/wp-json\/wp\/v2\/pages\/15\/revisions\/127"}],"wp:attachment":[{"href":"https:\/\/m-hochreuther.de\/home\/wp-json\/wp\/v2\/media?parent=15"}],"curies":[{"name":"wp","href":"https:\/\/api.w.org\/{rel}","templated":true}]}}