{"id":11,"date":"2021-03-14T15:04:49","date_gmt":"2021-03-14T15:04:49","guid":{"rendered":"http:\/\/m-hochreuther.de\/?page_id=11"},"modified":"2021-04-07T17:13:43","modified_gmt":"2021-04-07T15:13:43","slug":"fuer-vereine","status":"publish","type":"page","link":"https:\/\/m-hochreuther.de\/home\/fuer-vereine\/","title":{"rendered":"f\u00fcr Vereine"},"content":{"rendered":"\n<p class=\"has-text-color has-large-font-size\" style=\"color:#248cc8\"><strong>Engagement zeigen<\/strong><\/p>\n\n\n\n<p class=\"has-text-color\" style=\"color:#248cc8\">\u00d6ffentlichkeitsarbeit f\u00fcr Sportvereine<\/p>\n\n\n\n<p><\/p>\n\n\n\n<p><strong>W\u00fcrdigung der Vereinsarbeit<\/strong><\/p>\n\n\n\n<p>Sportvereine leisten unglaublich viel f\u00fcr die Gesellschaft, im gesundheitlichen wie gesellschaftlichen Bereich. Vor allem f\u00fcr den Nachwuchs ist das Vermitteln von Freude an der Bewegung sowie das Erlernen der Integration in eine Gruppe ein wesentlicher Bestandteil ihrer Entwicklung. Vielen Menschen \u2013 au\u00dferhalb des Vereins, aber auch Eltern oder Unterst\u00fctzern\/Sponsoren \u2013 ist oft gar nicht bewusst, wie viel Arbeit in einem funktionierenden Vereinsleben steckt. Und wie vielf\u00e4ltig das sein kann. Um das zu kommunizieren, ist eine entsprechende \u00d6ffentlichkeitsarbeit f\u00fcr einen Verein enorm wichtig.<\/p>\n\n\n\n<p><strong>Entlastung des Ehrenamts<\/strong><\/p>\n\n\n\n<p>Den zumeist ehrenamtlichen Trainern, \u00dcbungsleitern, Betreuern und Vereinsfunktion\u00e4ren bleibt oftmals gar keine Zeit, ihre wichtige Arbeit zu kommunizieren. Und sie sollen sich ja auch auf ihre eigentliche T\u00e4tigkeit konzentrieren k\u00f6nnen: Den Sportbetrieb und das Vereinsleben zu organisieren.<\/p>\n\n\n\n<p><strong>Au\u00dfendarstellung weiterentwickeln<\/strong><\/p>\n\n\n\n<p>Oftmals sind in Vereinen bereits einzelne Bausteine der \u00d6ffentlichkeitsarbeit vorhanden. Die Kunst ist nun, diese zu einem stimmigen Mosaik zusammenzuf\u00fcgen. N\u00f6tig ist dazu das Wissen, aber auch die Ausstattung. Nicht jedem f\u00e4llt es leicht, einen Bericht \u00fcber das wichtige Aufstiegsspiel der Jugendfu\u00dfballer, \u00fcber den Ehrenabend oder das Vereinsfest zu schreiben. Oder die Reportage \u00fcber den Platzwart, der seit jeher das Vereinsgel\u00e4nde in Schuss h\u00e4lt. Oder \u00fcber den treuen Sponsor, der immer hilfsbereit ist, wenn es um Pr\u00e4sente an der Weihnachtsfeier geht. Nicht jeder hat die technische Ausr\u00fcstung, um ein Ereignis in Bildern entsprechend festzuhalten. Und die M\u00f6glichkeiten der Au\u00dfendarstellung werden immer vielf\u00e4ltiger. Mit Homepages, Sozialen Medien, Newslettern, Vereinsmagazinen und Presse-Artikeln steigen aber auch Aufwand und Anspruch.<\/p>\n\n\n\n<p><strong>M\u00f6glichkeiten und Chancen<\/strong><\/p>\n\n\n\n<p>Professionalisierung und Ehrenamt; zwei Aspekte, die auf den ersten Blick nicht zusammenpassen wollen. Und sie m\u00fcssen es auch nicht. Ab einer gewissen Gr\u00f6\u00dfe&nbsp; bieten sich einem Verein mit dem stetigen Ausbau seiner Strukturen aber auch M\u00f6glichkeiten und Chancen. Das f\u00e4ngt bei qualifizierten \u00dcbungsleitern an, geht \u00fcber ein gepflegtes Sportgel\u00e4nde weiter und muss in einer effizienten Verwaltung nicht enden. Eine strukturierte \u00d6ffentlichkeitsarbeit kann dies, intern wie extern,&nbsp;alles ins richtige Licht r\u00fccken.<\/p>\n\n\n\n<p class=\"has-text-color\" style=\"color:#248cc8\">Lasst uns gemeinsam \u201eEngagement zeigen\u201c. Mit meinen Angeboten m\u00f6chte ich Sie\/Euch dabei unterst\u00fctzen und meine langj\u00e4hrige Erfahrung als Sportjournalist sowie in der Vereinsarbeit einbringen.<\/p>\n","protected":false},"excerpt":{"rendered":"<p>Engagement zeigen \u00d6ffentlichkeitsarbeit f\u00fcr Sportvereine W\u00fcrdigung der Vereinsarbeit Sportvereine leisten unglaublich viel f\u00fcr die Gesellschaft, im gesundheitlichen wie gesellschaftlichen Bereich. Vor allem f\u00fcr den Nachwuchs ist das Vermitteln von Freude an der Bewegung sowie das Erlernen der Integration in eine Gruppe ein wesentlicher Bestandteil ihrer Entwicklung. Vielen Menschen \u2013 au\u00dferhalb des Vereins, aber auch Eltern [&hellip;]<\/p>\n","protected":false},"author":1,"featured_media":0,"parent":0,"menu_order":0,"comment_status":"closed","ping_status":"closed","template":"templates\/template-full.php","meta":[],"aioseo_notices":[],"_links":{"self":[{"href":"https:\/\/m-hochreuther.de\/home\/wp-json\/wp\/v2\/pages\/11"}],"collection":[{"href":"https:\/\/m-hochreuther.de\/home\/wp-json\/wp\/v2\/pages"}],"about":[{"href":"https:\/\/m-hochreuther.de\/home\/wp-json\/wp\/v2\/types\/page"}],"author":[{"embeddable":true,"href":"https:\/\/m-hochreuther.de\/home\/wp-json\/wp\/v2\/users\/1"}],"replies":[{"embeddable":true,"href":"https:\/\/m-hochreuther.de\/home\/wp-json\/wp\/v2\/comments?post=11"}],"version-history":[{"count":9,"href":"https:\/\/m-hochreuther.de\/home\/wp-json\/wp\/v2\/pages\/11\/revisions"}],"predecessor-version":[{"id":112,"href":"https:\/\/m-hochreuther.de\/home\/wp-json\/wp\/v2\/pages\/11\/revisions\/112"}],"wp:attachment":[{"href":"https:\/\/m-hochreuther.de\/home\/wp-json\/wp\/v2\/media?parent=11"}],"curies":[{"name":"wp","href":"https:\/\/api.w.org\/{rel}","templated":true}]}}